{"id":5219,"date":"2023-06-07T09:55:06","date_gmt":"2023-06-07T09:55:06","guid":{"rendered":"https:\/\/hippiecoffee.es\/avis-legal\/"},"modified":"2025-11-05T17:21:36","modified_gmt":"2025-11-05T17:21:36","slug":"avis-legal","status":"publish","type":"page","link":"https:\/\/hippiecoffee.es\/ca\/avis-legal\/","title":{"rendered":"Av\u00eds Legal"},"content":{"rendered":"<div class=\"wpb-content-wrapper\">[vc_row remove_bottom_col_margin=&#8221;true&#8221; css=&#8221;.vc_custom_1755855039821{padding-top: 80px !important;padding-bottom: 80px !important;}&#8221;][vc_column][vc_column_text css=&#8221;&#8221;]En aquest Av\u00eds Legal, l&#8217;Usuari, podr\u00e0 trobar tota la informaci\u00f3 relativa a les condicions legals que defineixen les relacions entre els usuaris i el responsable de la p\u00e0gina web accessible a l&#8217;adre\u00e7a URL https:\/\/hippiecoffee.es\/ (d&#8217;ara endavant, el lloc web), que Eloi Casas Galvez (d&#8217;ara endavant, el titular) posa a disposici\u00f3 dels usuaris d&#8217;Internet.<\/p>\n<div id=\"clickdatos\">\n<p>La utilitzaci\u00f3 del lloc web implica l&#8217;acceptaci\u00f3 plena i sense reserves de totes i cadascuna de les disposicions incloses en aquest Av\u00eds Legal. En conseq\u00fc\u00e8ncia, l&#8217;usuari del lloc web ha de llegir atentament aquest Av\u00eds Legal en cadascuna de les ocasions en qu\u00e8 es proposi utilitzar el web, ja que el text podria patir modificacions a criteri del titular del web, oa causa d&#8217;un canvi legislatiu, jurisprudencial oa la pr\u00e0ctica empresarial.<\/p>\n<h2>1.- DADES DEL RESPONSABLE TITULAR DEL LLOC WEB.<\/h2>\n<p>Nom del titular: Eloi Casas Galvez<br \/>\nDomicili social: C\/ Conquesta n. 50 &#8211; 08912 Badalona<br \/>\nC.I.F.: 47275631M<br \/>\nTel\u00e8fon de contacte: 722 20 47 14<br \/>\nCorreu electr\u00f2nic: hippiecoffee9@gmail.com<\/p>\n<p>El titular \u00e9s el responsable del Lloc Web i es compromet a complir tots els requisits nacionals i europeus que regulen l&#8217;\u00fas de les dades personals dels usuaris.<\/p>\n<p>Aquest Lloc Web garanteix la protecci\u00f3 i confidencialitat de les dades personals que ens proporcionin d&#8217;acord amb el que disposa el Reglament General de Protecci\u00f3 de Dades de Car\u00e0cter Personal (UE) 2016\/679 del Parlament Europeu i del Consell, de 27 d&#8217;abril de 2016, a la Llei Org\u00e0nica 3\/2018, de Protecci\u00f3 de Dades de de la Societat de la Informaci\u00f3 i Comer\u00e7 Electr\u00f2nic 34\/2002 de 11 de Juliol (LSSI-CE)<\/p>\n<h2>2.- OBJECTE.<\/h2>\n<p>El lloc web facilita als usuaris del mateix l&#8217;acc\u00e9s a informaci\u00f3 i serveis prestats pel lloc web a aquelles persones o organitzacions interessades en aquests.<\/p>\n<p>L&#8217;acc\u00e9s i la utilitzaci\u00f3 del Lloc Web atribueix la condici\u00f3 d&#8217;usuari del Lloc Web (d&#8217;ara endavant, \u201cl&#8217;Usuari\u201d) i implica l&#8217;acceptaci\u00f3 de totes les condicions incloses en aquest Av\u00eds Legal aix\u00ed com de les seves modificacions. La prestaci\u00f3 del servei del Lloc Web t\u00e9 una durada limitada al moment en qu\u00e8 l&#8217;Usuari estigui connectat al Lloc Web oa algun dels serveis que a trav\u00e9s del mateix es faciliten. Per tant, l&#8217;Usuari ha de llegir atentament aquest Av\u00eds Legal en cadascuna de les ocasions en qu\u00e8 es proposi utilitzar el Lloc Web, ja que aquest i les seves condicions d&#8217;\u00fas recollides al present Av\u00eds Legal poden patir modificacions.<\/p>\n<h2>3.- ACC\u00c9S I UTILITZACI\u00d3 DEL WEB.<\/h2>\n<p>3.1.- Car\u00e0cter gratu\u00eft de l&#8217;acc\u00e9s i la utilitzaci\u00f3 de la web. L&#8217;acc\u00e9s a la web t\u00e9 car\u00e0cter gratu\u00eft per als usuaris de la mateixa, llevat del cost de la connexi\u00f3 a trav\u00e9s de la xarxa de telecomunicacions subministrada pel prove\u00efdor d&#8217;acc\u00e9s contractat pels usuaris.<br \/>\n3.2.- Registre dusuaris. Amb car\u00e0cter general l&#8217;acc\u00e9s i utilitzaci\u00f3 de la web no exigeix \u200b\u200bla pr\u00e8via subscripci\u00f3 o registre dels usuaris de la web.<br \/>\n3.3.- Els usuaris garanteixen i responen, en qualsevol cas, de l&#8217;exactitud, vig\u00e8ncia i autenticitat de les dades personals facilitades, i es comprometen a mantenir-les degudament actualitzades. L&#8217;usuari accepta proporcionar informaci\u00f3 completa i correcta al formulari de contacte o subscripci\u00f3.<\/p>\n<p>En cap cas no es demanaran del menor d&#8217;edat dades relatives a la situaci\u00f3 professional, econ\u00f2mica o a la intimitat dels altres membres de la fam\u00edlia, sense el seu consentiment. Si ets menor de tretze anys i has accedit a aquest lloc web sense avisar els teus pares no t&#8217;has de registrar com a usuari.<\/p>\n<p>En aquesta web es respecten i cuiden les dades personals dels usuaris. Com a usuari has de saber que els teus drets estan garantits.<\/p>\n<h2>4.- CONTINGUTS DE LA WEB.<\/h2>\n<p>L&#8217;idioma utilitzat pel titular a la web ser\u00e0 el castell\u00e0. el lloc web no es responsabilitza de la no comprensi\u00f3 o enteniment de l&#8217;idioma de la web per l&#8217;usuari, ni de les conseq\u00fc\u00e8ncies.<br \/>\nel lloc web podr\u00e0 modificar els continguts sense previ av\u00eds, aix\u00ed com suprimir i canviar aquests dins del web, com la forma en qu\u00e8 s&#8217;accedeix a aquests, sense cap justificaci\u00f3 i lliurement, no responsabilitzant-se de les conseq\u00fc\u00e8ncies que aquests puguin ocasionar als usuaris.<br \/>\nEs prohibeix l\u00fas dels continguts de la web per promocionar, contractar o divulgar publicitat o informaci\u00f3 pr\u00f2pia o de terceres persones sense lautoritzaci\u00f3 del lloc web, ni remetre publicitat o informaci\u00f3 valent-se per aix\u00f2 dels serveis o informaci\u00f3 que es posen a disposici\u00f3 dels usuaris, independentment de si la utilitzaci\u00f3 \u00e9s gratu\u00efta o no.<br \/>\nEls enlla\u00e7os o hiperenlla\u00e7os que incorporin tercers a les seves p\u00e0gines web, dirigits a aquesta web, seran per a l&#8217;obertura de la p\u00e0gina web completa, no podent manifestar, directament o indirectament, indicacions falses, inexactes o confuses, ni inc\u00f3rrer en accions deslleials o il\u00b7l\u00edcites en contra del lloc web<\/p>\n<h2>5.- MESURES DE SEGURETAT.<\/h2>\n<p>Les dades personals comunicades per l&#8217;usuari podran ser emmagatzemades en bases de dades automatitzades o no, la titularitat de les quals correspon en exclusiva al lloc web, assumint totes les mesures d&#8217;\u00edndole t\u00e8cnica, organitzativa i de seguretat que garanteixin la confidencialitat, integritat i qualitat de la informaci\u00f3 continguda en aquestes d&#8217;acord amb el que estableixen les normatives vigents en mat\u00e8ria de protecci\u00f3 de dades de car\u00e0cter personal.<\/p>\n<h2>6.- LIMITACI\u00d3 DE RESPONSABILITAT.<\/h2>\n<p>Tant l&#8217;acc\u00e9s a la web com l&#8217;\u00fas no consentit que es pugui efectuar de la informaci\u00f3 que cont\u00e9 \u00e9s de l&#8217;exclusiva responsabilitat de qui el realitza. el lloc web no respondr\u00e0 de cap conseq\u00fc\u00e8ncia, dany o perjudici que poguessin derivar-se del dit acc\u00e9s o \u00fas. el lloc web no es fa responsable dels errors de seguretat, que es puguin produir ni dels danys que puguin causar-se al sistema inform\u00e0tic de l&#8217;usuari (hardware i software), o als fitxers o documents emmagatzemats en aquest, com a conseq\u00fc\u00e8ncia de:<br \/>\n&#8211; la pres\u00e8ncia d&#8217;un virus a l&#8217;ordinador de l&#8217;usuari que sigui utilitzat per a la connexi\u00f3 als serveis i continguts de la web.<br \/>\n\u2013 un mal funcionament del navegador.<br \/>\n\u2013 i\/o de l&#8217;\u00fas de versions no actualitzades.<br \/>\nel lloc web no es fa responsable de la fiabilitat i rapidesa dels hiperenlla\u00e7os que s&#8217;incorporin a la web per a l&#8217;obertura d&#8217;altres. el lloc web no garanteix la utilitat daquests enlla\u00e7os, ni es responsabilitza dels continguts o serveis als quals pugui accedir lusuari per mitj\u00e0 daquests enlla\u00e7os, ni del bon funcionament daquests webs.<br \/>\nel lloc web no ser\u00e0 responsable dels virus o altres programes inform\u00e0tics que deteriorin o puguin deteriorar els sistemes o equips inform\u00e0tics dels usuaris en accedir a la seva web o altres webs a qu\u00e8 s&#8217;hagi accedit mitjan\u00e7ant enlla\u00e7os d&#8217;aquest web.<\/p>\n<h2>7.- OCUPACI\u00d3 DE LA TECNOLOGIA \u00abCOOKIE\u00bb.<\/h2>\n<p>El Lloc Web pot emprar cookies o tecnologies similars que es regiran per all\u00f2 establert a la Pol\u00edtica de Cookies, accessible en tot moment i respectant la confidencialitat i intimitat de l&#8217;usuari, sent part integrant del present Av\u00eds Legal.<\/p>\n<h2>8.- NAVEGACI\u00d3.<\/h2>\n<p>Els servidors dInternet poden recollir dades no identificables, que puguin incloure, adreces IP, i altres dades que no poden ser utilitzades per identificar lusuari. La vostra adre\u00e7a IP s&#8217;emmagatzemar\u00e0 en els logs d&#8217;acc\u00e9s de forma autom\u00e0tica i amb l&#8217;\u00fanica finalitat de permetre el tr\u00e0nsit per Internet, i \u00e9s necessari que el vostre equip faciliti aquesta adre\u00e7a IP quan navega per Internet perqu\u00e8 les comunicacions es puguin fer. Aix\u00ed mateix, l&#8217;adre\u00e7a IP podr\u00e0 ser utilitzada per realitzar estad\u00edstiques, de manera anonimitzada, sobre el nombre de visitants d&#8217;aquesta web i la seva proced\u00e8ncia, de manera totalment transparent a la navegaci\u00f3.<\/p>\n<h2>9.- PROPIETAT INTEL\u00b7LECTUAL I INDUSTRIAL<\/h2>\n<p>L&#8217;usuari coneix i accepta que tots els continguts i\/o qualsevol altre element del lloc web s\u00f3n propietat del lloc web, i es compromet a respectar els drets de propietat intel\u00b7lectual i industrial titularitat del lloc web. Qualsevol \u00fas de la web o els seus continguts haur\u00e0 de tenir un car\u00e0cter exclusivament particular.<br \/>\nEst\u00e0 reservat exclusivament al lloc web, qualsevol altre \u00fas que suposi la c\u00f2pia, reproducci\u00f3, distribuci\u00f3, transformaci\u00f3, comunicaci\u00f3 p\u00fablica o qualsevol altra acci\u00f3 similar, de tot o part dels continguts de la web, per la qual cosa cap usuari no podr\u00e0 dur a terme aquestes accions sense l&#8217;autoritzaci\u00f3 pr\u00e8via i per escrit del lloc web<\/p>\n<h2>10.- LEGISLACI\u00d3 APLICABLE I JURISDICCI\u00d3 COMPETENT<\/h2>\n<p>Aquest Av\u00eds Legal s&#8217;interpretar\u00e0 i es regir\u00e0 de conformitat amb la legislaci\u00f3 espanyola. el lloc web i els usuaris, amb ren\u00fancia expressa a qualsevol altre fur que els pogu\u00e9s correspondre, se sotmeten al dels jutjats i tribunals del domicili de l&#8217;usuari per a qualsevol controv\u00e8rsia que pogu\u00e9s derivar-se de l&#8217;acc\u00e9s o \u00fas del web. En cas que l&#8217;usuari tingui el domicili fora d&#8217;Espanya, el lloc web i l&#8217;usuari, se sotmeten, amb ren\u00fancia expressa a qualsevol altre fur, als jutjats i tribunals del domicili de Matar\u00f3<\/p>\n<\/div>\n[\/vc_column_text][\/vc_column][\/vc_row][vc_row remove_bottom_col_margin=&#8221;true&#8221;][vc_column]<div class=\"templatera_shortcode\"><style type=\"text\/css\" data-type=\"vc_shortcodes-custom-css\">.vc_custom_1755854397817{padding-top: 80px !important;padding-bottom: 80px !important;}<\/style><div class=\"vc_section vc_custom_1755854397817 wpex-vc-full-width-section wpex-vc-full-width-section--centered wpex-relative wpex-has-overlay wpex-has-overlay--69e38c6d50bd7\"><div class=\"wpex-bg-overlay-wrap wpex-absolute wpex-inset-0 wpex-rounded-inherit\"><style class=\"wpex-bg-overlay-css\">.wpex-has-overlay--69e38c6d50bd7 > .wpex-bg-overlay-wrap .wpex-bg-overlay{background-color:var(--wpex-palette-4729-color);opacity:1;}<\/style><span class=\"wpex-bg-overlay color wpex-absolute wpex-inset-0 wpex-rounded-inherit wpex-duration-500 wpex-opacity-60 wpex-bg-black\"><\/span><\/div><div class=\"vc_row wpb_row vc_row-fluid vc_column-gap-10 vc_row-o-content-middle vc_row-flex wpex-vc-full-width-row wpex-vc-full-width-row--centered wpex-relative wpex-vc-has-custom-column-spacing wpex-vc-column-spacing-0px no-bottom-margins\"><div class=\"wpb_column vc_column_container vc_col-sm-9\"><div class=\"vc_column-inner\"><div class=\"wpb_wrapper\"><style>.vcex-heading.vcex_69e38c6d5359d{color:var(--wpex-palette-4730-color);font-size:28px;text-transform:uppercase;}<\/style><h2 class=\"vcex-heading vcex-heading-plain vcex-module wpex-heading wpex-text-2xl wpex-mb-10 wpex-text-left vcex_69e38c6d5359d\"><span class=\"vcex-heading-inner wpex-inline-block\">Tens alguna al\u00b7l\u00e8rgia o necessitat especial?<\/span><\/h2>\n\t<div style=\"color:var(--wpex-palette-4730-color);font-size:20px;font-weight:400;text-align:start;\" class=\"wpb_text_column has-custom-color wpex-child-inherit-color wpb_content_element\" >\n\t\t<div class=\"wpb_wrapper\">\n\t\t\t<p>Pregunta'ns, ens adaptem a tu!<\/p>\n\n\t\t<\/div>\n\t<\/div>\n<\/div><\/div><\/div><div class=\"wpb_column vc_column_container vc_col-sm-3\"><div class=\"vc_column-inner\"><div class=\"wpb_wrapper\"><style>.vcex-button.vcex_69e38c6d55035{background:var(--wpex-palette-4728-color);color:var(--wpex-palette-4730-color)!important;font-size:16px;font-weight:400;text-transform:uppercase;}.vcex-button.vcex_69e38c6d55035:hover{background:var(--wpex-palette-4731-color)!important;color:var(--wpex-palette-4730-color)!important;}.vcex-button.vcex_69e38c6d55035 .theme-button-icon-right{padding-inline-start:10px;--wpex-btn-icon-animate-h:5px;}<\/style><div class=\"theme-button-wrap textcenter wpex-clr\"><a href=\"\/ca\/contacte\/\" class=\"vcex-button theme-button align-center inline vcex_69e38c6d55035\" title=\"Contacta\"><span class=\"vcex-button-inner theme-button-inner wpex-flex wpex-flex-wrap wpex-items-center wpex-justify-center\"><span class=\"vcex-button-icon vcex-icon-wrap theme-button-icon-left\"><span class=\"wpex-icon\" aria-hidden=\"true\"><svg xmlns=\"http:\/\/www.w3.org\/2000\/svg\" viewBox=\"0 0 640 512\"><path d=\"M88.2 309.1c9.8-18.3 6.8-40.8-7.5-55.8C59.4 230.9 48 204 48 176c0-63.5 63.8-128 160-128s160 64.5 160 128s-63.8 128-160 128c-13.1 0-25.8-1.3-37.8-3.6c-10.4-2-21.2-.6-30.7 4.2c-4.1 2.1-8.3 4.1-12.6 6c-16 7.2-32.9 13.5-49.9 18c2.8-4.6 5.4-9.1 7.9-13.6c1.1-1.9 2.2-3.9 3.2-5.9zM0 176c0 41.8 17.2 80.1 45.9 110.3c-.9 1.7-1.9 3.5-2.8 5.1c-10.3 18.4-22.3 36.5-36.6 52.1c-6.6 7-8.3 17.2-4.6 25.9C5.8 378.3 14.4 384 24 384c43 0 86.5-13.3 122.7-29.7c4.8-2.2 9.6-4.5 14.2-6.8c15.1 3 30.9 4.5 47.1 4.5c114.9 0 208-78.8 208-176S322.9 0 208 0S0 78.8 0 176zM432 480c16.2 0 31.9-1.6 47.1-4.5c4.6 2.3 9.4 4.6 14.2 6.8C529.5 498.7 573 512 616 512c9.6 0 18.2-5.7 22-14.5c3.8-8.8 2-19-4.6-25.9c-14.2-15.6-26.2-33.7-36.6-52.1c-.9-1.7-1.9-3.4-2.8-5.1C622.8 384.1 640 345.8 640 304c0-94.4-87.9-171.5-198.2-175.8c4.1 15.2 6.2 31.2 6.2 47.8l0 .6c87.2 6.7 144 67.5 144 127.4c0 28-11.4 54.9-32.7 77.2c-14.3 15-17.3 37.6-7.5 55.8c1.1 2 2.2 4 3.2 5.9c2.5 4.5 5.2 9 7.9 13.6c-17-4.5-33.9-10.7-49.9-18c-4.3-1.9-8.5-3.9-12.6-6c-9.5-4.8-20.3-6.2-30.7-4.2c-12.1 2.4-24.7 3.6-37.8 3.6c-61.7 0-110-26.5-136.8-62.3c-16 5.4-32.8 9.4-50 11.8C279 439.8 350 480 432 480z\"\/><\/svg><\/span><\/span>Contacta<span class=\"vcex-button-icon vcex-icon-wrap theme-button-icon-right theme-button-icon-animate-h\"><span class=\"wpex-icon wpex-icon--bidi\" aria-hidden=\"true\"><svg xmlns=\"http:\/\/www.w3.org\/2000\/svg\" viewBox=\"0 0 320 512\"><path d=\"M278.6 233.4c12.5 12.5 12.5 32.8 0 45.3l-160 160c-12.5 12.5-32.8 12.5-45.3 0s-12.5-32.8 0-45.3L210.7 256 73.4 118.6c-12.5-12.5-12.5-32.8 0-45.3s32.8-12.5 45.3 0l160 160z\"\/><\/svg><\/span><\/span><\/span><\/a><\/div> <\/div><\/div><\/div><\/div><\/div><\/div>[\/vc_column][\/vc_row]\n<\/div>","protected":false},"excerpt":{"rendered":"En aquest Av\u00eds Legal, l'Usuari, podr\u00e0 trobar tota la informaci\u00f3 relativa a les condicions legals que defineixen les relacions entre els usuaris i el responsable de la p\u00e0gina web accessible a l'adre\u00e7a URL https:\/\/hippiecoffee.es\/ (d'ara endavant, el lloc web), que Eloi Casas Galvez (d'ara endavant, el titular) posa a disposici\u00f3 dels usuaris d'Internet. La utilitzaci\u00f3&hellip;","protected":false},"author":1,"featured_media":0,"parent":0,"menu_order":0,"comment_status":"closed","ping_status":"closed","template":"","meta":{"_joinchat":[],"footnotes":""},"class_list":["post-5219","page","type-page","status-publish","hentry","entry","no-media"],"yoast_head":"<!-- This site is optimized with the Yoast SEO plugin v25.8 - https:\/\/yoast.com\/wordpress\/plugins\/seo\/ -->\n<title>Av\u00eds Legal - Hippie Coffee<\/title>\n<meta name=\"robots\" content=\"index, follow, max-snippet:-1, max-image-preview:large, max-video-preview:-1\" \/>\n<link rel=\"canonical\" href=\"https:\/\/hippiecoffee.es\/ca\/avis-legal\/\" \/>\n<meta property=\"og:locale\" content=\"ca_ES\" \/>\n<meta property=\"og:type\" content=\"article\" \/>\n<meta property=\"og:title\" content=\"Av\u00eds Legal - Hippie Coffee\" \/>\n<meta property=\"og:url\" content=\"https:\/\/hippiecoffee.es\/ca\/avis-legal\/\" \/>\n<meta property=\"og:site_name\" content=\"Hippie Coffee\" \/>\n<meta property=\"article:modified_time\" content=\"2025-11-05T17:21:36+00:00\" \/>\n<meta name=\"twitter:card\" content=\"summary_large_image\" \/>\n<meta name=\"twitter:label1\" content=\"Temps estimat de lectura\" \/>\n\t<meta name=\"twitter:data1\" content=\"8 minuts\" \/>\n<script type=\"application\/ld+json\" class=\"yoast-schema-graph\">{\"@context\":\"https:\/\/schema.org\",\"@graph\":[{\"@type\":\"WebPage\",\"@id\":\"https:\/\/hippiecoffee.es\/ca\/avis-legal\/\",\"url\":\"https:\/\/hippiecoffee.es\/ca\/avis-legal\/\",\"name\":\"Av\u00eds Legal - Hippie Coffee\",\"isPartOf\":{\"@id\":\"https:\/\/hippiecoffee.es\/#website\"},\"datePublished\":\"2023-06-07T09:55:06+00:00\",\"dateModified\":\"2025-11-05T17:21:36+00:00\",\"breadcrumb\":{\"@id\":\"https:\/\/hippiecoffee.es\/ca\/avis-legal\/#breadcrumb\"},\"inLanguage\":\"ca\",\"potentialAction\":[{\"@type\":\"ReadAction\",\"target\":[\"https:\/\/hippiecoffee.es\/ca\/avis-legal\/\"]}]},{\"@type\":\"BreadcrumbList\",\"@id\":\"https:\/\/hippiecoffee.es\/ca\/avis-legal\/#breadcrumb\",\"itemListElement\":[{\"@type\":\"ListItem\",\"position\":1,\"name\":\"Home\",\"item\":\"https:\/\/hippiecoffee.es\/ca\/\"},{\"@type\":\"ListItem\",\"position\":2,\"name\":\"Av\u00eds Legal\"}]},{\"@type\":\"WebSite\",\"@id\":\"https:\/\/hippiecoffee.es\/#website\",\"url\":\"https:\/\/hippiecoffee.es\/\",\"name\":\"Hippie Coffee\",\"description\":\"Cafeter\u00eda acogedora en el centro de Badalona\",\"publisher\":{\"@id\":\"https:\/\/hippiecoffee.es\/#organization\"},\"potentialAction\":[{\"@type\":\"SearchAction\",\"target\":{\"@type\":\"EntryPoint\",\"urlTemplate\":\"https:\/\/hippiecoffee.es\/?s={search_term_string}\"},\"query-input\":{\"@type\":\"PropertyValueSpecification\",\"valueRequired\":true,\"valueName\":\"search_term_string\"}}],\"inLanguage\":\"ca\"},{\"@type\":\"Organization\",\"@id\":\"https:\/\/hippiecoffee.es\/#organization\",\"name\":\"Hippie Coffee\",\"url\":\"https:\/\/hippiecoffee.es\/\",\"logo\":{\"@type\":\"ImageObject\",\"inLanguage\":\"ca\",\"@id\":\"https:\/\/hippiecoffee.es\/#\/schema\/logo\/image\/\",\"url\":\"https:\/\/hippiecoffee.es\/wp-content\/uploads\/2025\/08\/logo-blanc-1.png\",\"contentUrl\":\"https:\/\/hippiecoffee.es\/wp-content\/uploads\/2025\/08\/logo-blanc-1.png\",\"width\":607,\"height\":208,\"caption\":\"Hippie Coffee\"},\"image\":{\"@id\":\"https:\/\/hippiecoffee.es\/#\/schema\/logo\/image\/\"}}]}<\/script>\n<!-- \/ Yoast SEO plugin. -->","yoast_head_json":{"title":"Av\u00eds Legal - Hippie Coffee","robots":{"index":"index","follow":"follow","max-snippet":"max-snippet:-1","max-image-preview":"max-image-preview:large","max-video-preview":"max-video-preview:-1"},"canonical":"https:\/\/hippiecoffee.es\/ca\/avis-legal\/","og_locale":"ca_ES","og_type":"article","og_title":"Av\u00eds Legal - Hippie Coffee","og_url":"https:\/\/hippiecoffee.es\/ca\/avis-legal\/","og_site_name":"Hippie Coffee","article_modified_time":"2025-11-05T17:21:36+00:00","twitter_card":"summary_large_image","twitter_misc":{"Temps estimat de lectura":"8 minuts"},"schema":{"@context":"https:\/\/schema.org","@graph":[{"@type":"WebPage","@id":"https:\/\/hippiecoffee.es\/ca\/avis-legal\/","url":"https:\/\/hippiecoffee.es\/ca\/avis-legal\/","name":"Av\u00eds Legal - Hippie Coffee","isPartOf":{"@id":"https:\/\/hippiecoffee.es\/#website"},"datePublished":"2023-06-07T09:55:06+00:00","dateModified":"2025-11-05T17:21:36+00:00","breadcrumb":{"@id":"https:\/\/hippiecoffee.es\/ca\/avis-legal\/#breadcrumb"},"inLanguage":"ca","potentialAction":[{"@type":"ReadAction","target":["https:\/\/hippiecoffee.es\/ca\/avis-legal\/"]}]},{"@type":"BreadcrumbList","@id":"https:\/\/hippiecoffee.es\/ca\/avis-legal\/#breadcrumb","itemListElement":[{"@type":"ListItem","position":1,"name":"Home","item":"https:\/\/hippiecoffee.es\/ca\/"},{"@type":"ListItem","position":2,"name":"Av\u00eds Legal"}]},{"@type":"WebSite","@id":"https:\/\/hippiecoffee.es\/#website","url":"https:\/\/hippiecoffee.es\/","name":"Hippie Coffee","description":"Cafeter\u00eda acogedora en el centro de Badalona","publisher":{"@id":"https:\/\/hippiecoffee.es\/#organization"},"potentialAction":[{"@type":"SearchAction","target":{"@type":"EntryPoint","urlTemplate":"https:\/\/hippiecoffee.es\/?s={search_term_string}"},"query-input":{"@type":"PropertyValueSpecification","valueRequired":true,"valueName":"search_term_string"}}],"inLanguage":"ca"},{"@type":"Organization","@id":"https:\/\/hippiecoffee.es\/#organization","name":"Hippie Coffee","url":"https:\/\/hippiecoffee.es\/","logo":{"@type":"ImageObject","inLanguage":"ca","@id":"https:\/\/hippiecoffee.es\/#\/schema\/logo\/image\/","url":"https:\/\/hippiecoffee.es\/wp-content\/uploads\/2025\/08\/logo-blanc-1.png","contentUrl":"https:\/\/hippiecoffee.es\/wp-content\/uploads\/2025\/08\/logo-blanc-1.png","width":607,"height":208,"caption":"Hippie Coffee"},"image":{"@id":"https:\/\/hippiecoffee.es\/#\/schema\/logo\/image\/"}}]}},"_links":{"self":[{"href":"https:\/\/hippiecoffee.es\/ca\/wp-json\/wp\/v2\/pages\/5219","targetHints":{"allow":["GET"]}}],"collection":[{"href":"https:\/\/hippiecoffee.es\/ca\/wp-json\/wp\/v2\/pages"}],"about":[{"href":"https:\/\/hippiecoffee.es\/ca\/wp-json\/wp\/v2\/types\/page"}],"author":[{"embeddable":true,"href":"https:\/\/hippiecoffee.es\/ca\/wp-json\/wp\/v2\/users\/1"}],"replies":[{"embeddable":true,"href":"https:\/\/hippiecoffee.es\/ca\/wp-json\/wp\/v2\/comments?post=5219"}],"version-history":[{"count":2,"href":"https:\/\/hippiecoffee.es\/ca\/wp-json\/wp\/v2\/pages\/5219\/revisions"}],"predecessor-version":[{"id":5221,"href":"https:\/\/hippiecoffee.es\/ca\/wp-json\/wp\/v2\/pages\/5219\/revisions\/5221"}],"wp:attachment":[{"href":"https:\/\/hippiecoffee.es\/ca\/wp-json\/wp\/v2\/media?parent=5219"}],"curies":[{"name":"wp","href":"https:\/\/api.w.org\/{rel}","templated":true}]}}