{"id":5222,"date":"2023-06-07T09:56:34","date_gmt":"2023-06-07T09:56:34","guid":{"rendered":"https:\/\/hippiecoffee.es\/politica-de-privacitat\/"},"modified":"2025-11-06T08:21:18","modified_gmt":"2025-11-06T08:21:18","slug":"politica-de-privacitat","status":"publish","type":"page","link":"https:\/\/hippiecoffee.es\/ca\/politica-de-privacitat\/","title":{"rendered":"Pol\u00edtica de Privacitat"},"content":{"rendered":"<div class=\"wpb-content-wrapper\">[vc_row remove_bottom_col_margin=&#8221;true&#8221; css=&#8221;.vc_custom_1755855139766{padding-top: 60px !important;padding-bottom: 80px !important;}&#8221;][vc_column][vc_column_text css=&#8221;&#8221;]\n<h2>POL\u00cdTICA DE PRIVACITAT I PROTECCI\u00d3 DE DADES<\/h2>\n<p>En compliment del Reglament (UE) 2016\/679 del Parlament Europeu i del Consell, de 27 d&#8217;abril de 2016, relatiu a la protecci\u00f3 de les persones f\u00edsiques pel que fa al tractament de dades personals, pel qual es deroga la directiva 95\/46\/CE (d&#8217;ara endavant, RGPD), de la Llei 34\/20 comer\u00e7 electr\u00f2nic (d&#8217;ara endavant, LSSI-CE) i de la Llei Org\u00e0nica 3\/2018, de Protecci\u00f3 de Dades Personals i garantia dels drets digitals (d&#8217;ara endavant, LOPDGDD), el lloc web garanteix la protecci\u00f3 i confidencialitat de les dades personals, de qualsevol tipus que ens proporcionin els nostres clients, d&#8217;acord amb el que disposa el Reglament General de Protecci\u00f3 de Dades de Cartes.<\/p>\n<p>Les dades facilitades seran tractades en els termes establerts al RGPD, en aquest sentit el lloc web ha adoptat els nivells de protecci\u00f3 que legalment s&#8217;exigeixen, i ha instal\u00b7lat totes les mesures t\u00e8cniques al seu abast per evitar la p\u00e8rdua, mal \u00fas, alteraci\u00f3, acc\u00e9s no autoritzat per tercers, exposats a continuaci\u00f3. Tot i aix\u00f2, l&#8217;usuari ha de ser conscient que les mesures de seguretat a Internet no s\u00f3n inexpugnables.<\/p>\n<p><strong>Responsable del tractament<\/strong><br \/>\nNom del titular: Eloi Casas Galvez<br \/>\nDomicili social: C\/ Conquesta n. 50 &#8211; 08912 Badalona<br \/>\nC.I.F.: 47275631M<br \/>\nTel\u00e8fon de contacte: 722 20 47 14<br \/>\nCorreu electr\u00f2nic: hippiecoffee9@gmail.com<\/p>\n<p><strong>Finalitat del tractament<\/strong><br \/>\nTotes les dades facilitades pels nostres clients i\/o visitants a la web del lloc web o al seu personal, seran incloses al registre d&#8217;activitats de tractament de dades de car\u00e0cter personal, creat i mantingut sota la responsabilitat del lloc web, imprescindibles per prestar els serveis sol\u00b7licitats pels usuaris, o per resoldre els dubtes o q\u00fcestions plantejades pels nostres visitants. La nostra pol\u00edtica \u00e9s no fer perfils sobre els usuaris dels nostres serveis.<\/p>\n<p><strong>Legitimitat del tractament<\/strong><\/p>\n<ol type=\"a\">\n<li>Relaci\u00f3 contractual: \u00c9s la que aplica quan compra un dels nostres productes o contracta algun dels nostres serveis.<\/li>\n<li>Inter\u00e8s leg\u00edtim: Per atendre les consultes i reclamacions que ens plantege i per gestionar el cobrament de les quantitats degudes.<\/li>\n<li>El vostre consentiment: Si sou usuari de la nostra web, mitjan\u00e7ant la marcaci\u00f3 de la casella que figura al formulari de contacte, ens autoritzeu que us remetem les comunicacions necess\u00e0ries per donar resposta a la consulta o sol\u00b7licitud d&#8217;informaci\u00f3 plantejada.<\/li>\n<\/ol>\n<p><strong>Destinataris<\/strong><br \/>\nNo cedim les vostres dades personals a ning\u00fa, a excepci\u00f3 d&#8217;aquelles entitats p\u00fabliques o privades a les quals estiguem obligats a facilitar les vostres dades personals amb motiu del compliment d&#8217;alguna llei. Per posar un exemple, la Llei Tribut\u00e0ria obliga a facilitar a lAg\u00e8ncia Tribut\u00e0ria determinada informaci\u00f3 sobre operacions econ\u00f2miques que superin una determinada quantitat.<\/p>\n<p>En el cas que, al marge dels sup\u00f2sits comentats, necessitem donar a con\u00e8ixer la vostra informaci\u00f3 personal a altres entitats, us sol\u00b7licitarem pr\u00e8viament el vostre perm\u00eds a trav\u00e9s d&#8217;opcions clares que us permetran decidir sobre aix\u00f2.<\/p>\n<p><strong>Comunicaci\u00f3<\/strong><br \/>\nNo farem transfer\u00e8ncies internacionals de les vostres dades personals per a cap de les finalitats indicades.<\/p>\n<p><strong>Conservaci\u00f3<\/strong><br \/>\nNom\u00e9s conservarem les vostres dades personals durant el temps que resulti necessari per aconseguir les finalitats per a les quals van ser recollides. A l&#8217;hora de determinar el per\u00edode de conservaci\u00f3 oport\u00fa, examinem els riscos que comporta el tractament, aix\u00ed com les nostres obligacions contractuals, legals i normatives, les pol\u00edtiques internes de conservaci\u00f3 de dades i els nostres interessos de negoci leg\u00edtims descrits en aquest Av\u00eds de Privadesa i Pol\u00edtica de Cookies.<\/p>\n<p>En aquest sentit, el lloc web conservar\u00e0 les dades personals una vegada acabada la seva relaci\u00f3 amb vost\u00e8, degudament bloquejades, durant el termini de prescripci\u00f3 de les accions que es puguin derivar de la relaci\u00f3 mantinguda amb l&#8217;interessat.<\/p>\n<p>Un cop bloquejades, les vostres dades resultaran inaccessibles per al lloc web, i no seran tractades excepte per a la seva posada a disposici\u00f3 a les administracions p\u00fabliques, jutges i tribunals, per a l&#8217;atenci\u00f3 de les possibles responsabilitats nascudes dels tractaments, aix\u00ed com per a l&#8217;exercici i la defensa de reclamacions davant l&#8217;Ag\u00e8ncia Espanyola de Protecci\u00f3 de Dades.<\/p>\n<p><strong>Seguretat<\/strong><br \/>\nFem servir tots els esfor\u00e7os raonables per mantenir la confidencialitat de la informaci\u00f3 personal que es tracti en els nostres sistemes. Mantenim estrictes nivells de seguretat per protegir les dades de car\u00e0cter personal que processem davant de p\u00e8rdues fortu\u00eftes i accessos, tractaments o revelacions no autoritzats, tenint en compte l&#8217;estat de la tecnologia, la naturalesa i els riscos a qu\u00e8 estan exposades les dades. No obstant aix\u00f2, no podem responsabilitzar-nos de l&#8217;\u00fas que feu de les dades (incl\u00f2s usuari i contrasenya) que utilitzeu a la nostra web. El nostre personal segueix estrictes normes de privadesa i en el cas que contractem tercers per prestar serveis de suport, els exigim que acatin les mateixes normes i ens permetin auditar-los per verificar el seu compliment.<\/p>\n<p><strong>Els seus drets<\/strong><br \/>\nUs informem que podreu exercir els drets seg\u00fcents:<\/p>\n<ol type=\"a\">\n<li>Dret d&#8217;acc\u00e9s a les vostres dades personals, per saber quines estan sent objecte de tractament i les operacions de tractament dutes a terme amb elles;<\/li>\n<li>Dret de rectificaci\u00f3 de qualsevol dada personal inexacta;<\/li>\n<li>Dret de supressi\u00f3 de les vostres dades personals, quan aix\u00f2 sigui possible (per exemple, per imperatiu legal);<\/li>\n<li>Dret de limitaci\u00f3 del tractament de les vostres dades personals quan l&#8217;exactitud, la legalitat o la necessitat del tractament de les dades resulti dubtosa, i en este cas, podrem conservar-les per a l&#8217;exercici o la defensa de reclamacions.<\/li>\n<li>Dret d&#8217;oposici\u00f3 al tractament de les vostres dades personals, quan la base legal que ens habiliti per al vostre tractament de les indicades sigui el nostre inter\u00e8s leg\u00edtim. El lloc web deixar\u00e0 de tractar les teves dades tret que tingui un inter\u00e8s leg\u00edtim o sigui necessari per a la defensa de reclamacions.<\/li>\n<li>Dret a la portabilitat de les vostres dades, quan la base legal que ens habiliti per al vostre tractament sigui l&#8217;exist\u00e8ncia d&#8217;una relaci\u00f3 contractual o el vostre consentiment.<\/li>\n<li>Dret a revocar el consentiment atorgat al lloc web<\/li>\n<\/ol>\n<p>Dret a revocar el consentiment atorgat al lloc web<\/p>\n<p><strong>Tutela de drets<\/strong><br \/>\nEn cas que entengueu que els vostres drets han estat desatesos per la nostra entitat, podeu formular una reclamaci\u00f3 a l&#8217;Ag\u00e8ncia Espanyola de Protecci\u00f3 de Dades, a trav\u00e9s d&#8217;algun dels mitjans seg\u00fcents:<\/p>\n<ul>\n<li>Seu electr\u00f2nica: <a href=\"https:\/\/www.aepd.es\/\">https:\/\/www.aepd.es<\/a><\/li>\n<li>Correu postal: Ag\u00e8ncia Espanyola de Protecci\u00f3 de Dades, C\/ Jorge Juan, 6, 28001, Madrid<\/li>\n<li>Tel\u00e8fon: 901.100.099 i 912.663.517<\/li>\n<\/ul>\n<p>Formular una reclamaci\u00f3 a l&#8217;Ag\u00e8ncia Espanyola de Protecci\u00f3 de Dades no comporta cap cost i no cal l&#8217;assist\u00e8ncia d&#8217;advocat ni procurador.<\/p>\n<p><strong>Actualitzacions<\/strong><br \/>\nel lloc web es reserva el dret a modificar la present pol\u00edtica per adaptar-la a novetats legislatives o jurisprudencials que puguin afectar-ne el compliment.[\/vc_column_text][\/vc_column][\/vc_row][vc_row remove_bottom_col_margin=&#8221;true&#8221;][vc_column]<div class=\"templatera_shortcode\"><style type=\"text\/css\" data-type=\"vc_shortcodes-custom-css\">.vc_custom_1755854397817{padding-top: 80px !important;padding-bottom: 80px !important;}<\/style><div class=\"vc_section vc_custom_1755854397817 wpex-vc-full-width-section wpex-vc-full-width-section--centered wpex-relative wpex-has-overlay wpex-has-overlay--69e387e3a073f\"><div class=\"wpex-bg-overlay-wrap wpex-absolute wpex-inset-0 wpex-rounded-inherit\"><style class=\"wpex-bg-overlay-css\">.wpex-has-overlay--69e387e3a073f > .wpex-bg-overlay-wrap .wpex-bg-overlay{background-color:var(--wpex-palette-4729-color);opacity:1;}<\/style><span class=\"wpex-bg-overlay color wpex-absolute wpex-inset-0 wpex-rounded-inherit wpex-duration-500 wpex-opacity-60 wpex-bg-black\"><\/span><\/div><div class=\"vc_row wpb_row vc_row-fluid vc_column-gap-10 vc_row-o-content-middle vc_row-flex wpex-vc-full-width-row wpex-vc-full-width-row--centered wpex-relative wpex-vc-has-custom-column-spacing wpex-vc-column-spacing-0px no-bottom-margins\"><div class=\"wpb_column vc_column_container vc_col-sm-9\"><div class=\"vc_column-inner\"><div class=\"wpb_wrapper\"><style>.vcex-heading.vcex_69e387e3a35e3{color:var(--wpex-palette-4730-color);font-size:28px;text-transform:uppercase;}<\/style><h2 class=\"vcex-heading vcex-heading-plain vcex-module wpex-heading wpex-text-2xl wpex-mb-10 wpex-text-left vcex_69e387e3a35e3\"><span class=\"vcex-heading-inner wpex-inline-block\">Tens alguna al\u00b7l\u00e8rgia o necessitat especial?<\/span><\/h2>\n\t<div style=\"color:var(--wpex-palette-4730-color);font-size:20px;font-weight:400;text-align:start;\" class=\"wpb_text_column has-custom-color wpex-child-inherit-color wpb_content_element\" >\n\t\t<div class=\"wpb_wrapper\">\n\t\t\t<p>Pregunta'ns, ens adaptem a tu!<\/p>\n\n\t\t<\/div>\n\t<\/div>\n<\/div><\/div><\/div><div class=\"wpb_column vc_column_container vc_col-sm-3\"><div class=\"vc_column-inner\"><div class=\"wpb_wrapper\"><style>.vcex-button.vcex_69e387e3a5436{background:var(--wpex-palette-4728-color);color:var(--wpex-palette-4730-color)!important;font-size:16px;font-weight:400;text-transform:uppercase;}.vcex-button.vcex_69e387e3a5436:hover{background:var(--wpex-palette-4731-color)!important;color:var(--wpex-palette-4730-color)!important;}.vcex-button.vcex_69e387e3a5436 .theme-button-icon-right{padding-inline-start:10px;--wpex-btn-icon-animate-h:5px;}<\/style><div class=\"theme-button-wrap textcenter wpex-clr\"><a href=\"\/ca\/contacte\/\" class=\"vcex-button theme-button align-center inline vcex_69e387e3a5436\" title=\"Contacta\"><span class=\"vcex-button-inner theme-button-inner wpex-flex wpex-flex-wrap wpex-items-center wpex-justify-center\"><span class=\"vcex-button-icon vcex-icon-wrap theme-button-icon-left\"><span class=\"wpex-icon\" aria-hidden=\"true\"><svg xmlns=\"http:\/\/www.w3.org\/2000\/svg\" viewBox=\"0 0 640 512\"><path d=\"M88.2 309.1c9.8-18.3 6.8-40.8-7.5-55.8C59.4 230.9 48 204 48 176c0-63.5 63.8-128 160-128s160 64.5 160 128s-63.8 128-160 128c-13.1 0-25.8-1.3-37.8-3.6c-10.4-2-21.2-.6-30.7 4.2c-4.1 2.1-8.3 4.1-12.6 6c-16 7.2-32.9 13.5-49.9 18c2.8-4.6 5.4-9.1 7.9-13.6c1.1-1.9 2.2-3.9 3.2-5.9zM0 176c0 41.8 17.2 80.1 45.9 110.3c-.9 1.7-1.9 3.5-2.8 5.1c-10.3 18.4-22.3 36.5-36.6 52.1c-6.6 7-8.3 17.2-4.6 25.9C5.8 378.3 14.4 384 24 384c43 0 86.5-13.3 122.7-29.7c4.8-2.2 9.6-4.5 14.2-6.8c15.1 3 30.9 4.5 47.1 4.5c114.9 0 208-78.8 208-176S322.9 0 208 0S0 78.8 0 176zM432 480c16.2 0 31.9-1.6 47.1-4.5c4.6 2.3 9.4 4.6 14.2 6.8C529.5 498.7 573 512 616 512c9.6 0 18.2-5.7 22-14.5c3.8-8.8 2-19-4.6-25.9c-14.2-15.6-26.2-33.7-36.6-52.1c-.9-1.7-1.9-3.4-2.8-5.1C622.8 384.1 640 345.8 640 304c0-94.4-87.9-171.5-198.2-175.8c4.1 15.2 6.2 31.2 6.2 47.8l0 .6c87.2 6.7 144 67.5 144 127.4c0 28-11.4 54.9-32.7 77.2c-14.3 15-17.3 37.6-7.5 55.8c1.1 2 2.2 4 3.2 5.9c2.5 4.5 5.2 9 7.9 13.6c-17-4.5-33.9-10.7-49.9-18c-4.3-1.9-8.5-3.9-12.6-6c-9.5-4.8-20.3-6.2-30.7-4.2c-12.1 2.4-24.7 3.6-37.8 3.6c-61.7 0-110-26.5-136.8-62.3c-16 5.4-32.8 9.4-50 11.8C279 439.8 350 480 432 480z\"\/><\/svg><\/span><\/span>Contacta<span class=\"vcex-button-icon vcex-icon-wrap theme-button-icon-right theme-button-icon-animate-h\"><span class=\"wpex-icon wpex-icon--bidi\" aria-hidden=\"true\"><svg xmlns=\"http:\/\/www.w3.org\/2000\/svg\" viewBox=\"0 0 320 512\"><path d=\"M278.6 233.4c12.5 12.5 12.5 32.8 0 45.3l-160 160c-12.5 12.5-32.8 12.5-45.3 0s-12.5-32.8 0-45.3L210.7 256 73.4 118.6c-12.5-12.5-12.5-32.8 0-45.3s32.8-12.5 45.3 0l160 160z\"\/><\/svg><\/span><\/span><\/span><\/a><\/div> <\/div><\/div><\/div><\/div><\/div><\/div>[\/vc_column][\/vc_row]\n<\/div>","protected":false},"excerpt":{"rendered":"POL\u00cdTICA DE PRIVACITAT I PROTECCI\u00d3 DE DADES En compliment del Reglament (UE) 2016\/679 del Parlament Europeu i del Consell, de 27 d'abril de 2016, relatiu a la protecci\u00f3 de les persones f\u00edsiques pel que fa al tractament de dades personals, pel qual es deroga la directiva 95\/46\/CE (d'ara endavant, RGPD), de la Llei 34\/20 comer\u00e7&hellip;","protected":false},"author":1,"featured_media":0,"parent":0,"menu_order":0,"comment_status":"closed","ping_status":"closed","template":"","meta":{"_joinchat":[],"footnotes":""},"class_list":["post-5222","page","type-page","status-publish","hentry","entry","no-media"],"yoast_head":"<!-- This site is optimized with the Yoast SEO plugin v25.8 - https:\/\/yoast.com\/wordpress\/plugins\/seo\/ -->\n<title>Pol\u00edtica de Privacitat - Hippie Coffee<\/title>\n<meta name=\"robots\" content=\"index, follow, max-snippet:-1, max-image-preview:large, max-video-preview:-1\" \/>\n<link rel=\"canonical\" href=\"https:\/\/hippiecoffee.es\/ca\/politica-de-privacitat\/\" \/>\n<meta property=\"og:locale\" content=\"ca_ES\" \/>\n<meta property=\"og:type\" content=\"article\" \/>\n<meta property=\"og:title\" content=\"Pol\u00edtica de Privacitat - Hippie Coffee\" \/>\n<meta property=\"og:url\" content=\"https:\/\/hippiecoffee.es\/ca\/politica-de-privacitat\/\" \/>\n<meta property=\"og:site_name\" content=\"Hippie Coffee\" \/>\n<meta property=\"article:modified_time\" content=\"2025-11-06T08:21:18+00:00\" \/>\n<meta name=\"twitter:card\" content=\"summary_large_image\" \/>\n<meta name=\"twitter:label1\" content=\"Temps estimat de lectura\" \/>\n\t<meta name=\"twitter:data1\" content=\"6 minuts\" \/>\n<script type=\"application\/ld+json\" class=\"yoast-schema-graph\">{\"@context\":\"https:\/\/schema.org\",\"@graph\":[{\"@type\":\"WebPage\",\"@id\":\"https:\/\/hippiecoffee.es\/ca\/politica-de-privacitat\/\",\"url\":\"https:\/\/hippiecoffee.es\/ca\/politica-de-privacitat\/\",\"name\":\"Pol\u00edtica de Privacitat - Hippie Coffee\",\"isPartOf\":{\"@id\":\"https:\/\/hippiecoffee.es\/#website\"},\"datePublished\":\"2023-06-07T09:56:34+00:00\",\"dateModified\":\"2025-11-06T08:21:18+00:00\",\"breadcrumb\":{\"@id\":\"https:\/\/hippiecoffee.es\/ca\/politica-de-privacitat\/#breadcrumb\"},\"inLanguage\":\"ca\",\"potentialAction\":[{\"@type\":\"ReadAction\",\"target\":[\"https:\/\/hippiecoffee.es\/ca\/politica-de-privacitat\/\"]}]},{\"@type\":\"BreadcrumbList\",\"@id\":\"https:\/\/hippiecoffee.es\/ca\/politica-de-privacitat\/#breadcrumb\",\"itemListElement\":[{\"@type\":\"ListItem\",\"position\":1,\"name\":\"Home\",\"item\":\"https:\/\/hippiecoffee.es\/ca\/\"},{\"@type\":\"ListItem\",\"position\":2,\"name\":\"Pol\u00edtica de Privacitat\"}]},{\"@type\":\"WebSite\",\"@id\":\"https:\/\/hippiecoffee.es\/#website\",\"url\":\"https:\/\/hippiecoffee.es\/\",\"name\":\"Hippie Coffee\",\"description\":\"Cafeter\u00eda acogedora en el centro de Badalona\",\"publisher\":{\"@id\":\"https:\/\/hippiecoffee.es\/#organization\"},\"potentialAction\":[{\"@type\":\"SearchAction\",\"target\":{\"@type\":\"EntryPoint\",\"urlTemplate\":\"https:\/\/hippiecoffee.es\/?s={search_term_string}\"},\"query-input\":{\"@type\":\"PropertyValueSpecification\",\"valueRequired\":true,\"valueName\":\"search_term_string\"}}],\"inLanguage\":\"ca\"},{\"@type\":\"Organization\",\"@id\":\"https:\/\/hippiecoffee.es\/#organization\",\"name\":\"Hippie Coffee\",\"url\":\"https:\/\/hippiecoffee.es\/\",\"logo\":{\"@type\":\"ImageObject\",\"inLanguage\":\"ca\",\"@id\":\"https:\/\/hippiecoffee.es\/#\/schema\/logo\/image\/\",\"url\":\"https:\/\/hippiecoffee.es\/wp-content\/uploads\/2025\/08\/logo-blanc-1.png\",\"contentUrl\":\"https:\/\/hippiecoffee.es\/wp-content\/uploads\/2025\/08\/logo-blanc-1.png\",\"width\":607,\"height\":208,\"caption\":\"Hippie Coffee\"},\"image\":{\"@id\":\"https:\/\/hippiecoffee.es\/#\/schema\/logo\/image\/\"}}]}<\/script>\n<!-- \/ Yoast SEO plugin. -->","yoast_head_json":{"title":"Pol\u00edtica de Privacitat - Hippie Coffee","robots":{"index":"index","follow":"follow","max-snippet":"max-snippet:-1","max-image-preview":"max-image-preview:large","max-video-preview":"max-video-preview:-1"},"canonical":"https:\/\/hippiecoffee.es\/ca\/politica-de-privacitat\/","og_locale":"ca_ES","og_type":"article","og_title":"Pol\u00edtica de Privacitat - Hippie Coffee","og_url":"https:\/\/hippiecoffee.es\/ca\/politica-de-privacitat\/","og_site_name":"Hippie Coffee","article_modified_time":"2025-11-06T08:21:18+00:00","twitter_card":"summary_large_image","twitter_misc":{"Temps estimat de lectura":"6 minuts"},"schema":{"@context":"https:\/\/schema.org","@graph":[{"@type":"WebPage","@id":"https:\/\/hippiecoffee.es\/ca\/politica-de-privacitat\/","url":"https:\/\/hippiecoffee.es\/ca\/politica-de-privacitat\/","name":"Pol\u00edtica de Privacitat - Hippie Coffee","isPartOf":{"@id":"https:\/\/hippiecoffee.es\/#website"},"datePublished":"2023-06-07T09:56:34+00:00","dateModified":"2025-11-06T08:21:18+00:00","breadcrumb":{"@id":"https:\/\/hippiecoffee.es\/ca\/politica-de-privacitat\/#breadcrumb"},"inLanguage":"ca","potentialAction":[{"@type":"ReadAction","target":["https:\/\/hippiecoffee.es\/ca\/politica-de-privacitat\/"]}]},{"@type":"BreadcrumbList","@id":"https:\/\/hippiecoffee.es\/ca\/politica-de-privacitat\/#breadcrumb","itemListElement":[{"@type":"ListItem","position":1,"name":"Home","item":"https:\/\/hippiecoffee.es\/ca\/"},{"@type":"ListItem","position":2,"name":"Pol\u00edtica de Privacitat"}]},{"@type":"WebSite","@id":"https:\/\/hippiecoffee.es\/#website","url":"https:\/\/hippiecoffee.es\/","name":"Hippie Coffee","description":"Cafeter\u00eda acogedora en el centro de Badalona","publisher":{"@id":"https:\/\/hippiecoffee.es\/#organization"},"potentialAction":[{"@type":"SearchAction","target":{"@type":"EntryPoint","urlTemplate":"https:\/\/hippiecoffee.es\/?s={search_term_string}"},"query-input":{"@type":"PropertyValueSpecification","valueRequired":true,"valueName":"search_term_string"}}],"inLanguage":"ca"},{"@type":"Organization","@id":"https:\/\/hippiecoffee.es\/#organization","name":"Hippie Coffee","url":"https:\/\/hippiecoffee.es\/","logo":{"@type":"ImageObject","inLanguage":"ca","@id":"https:\/\/hippiecoffee.es\/#\/schema\/logo\/image\/","url":"https:\/\/hippiecoffee.es\/wp-content\/uploads\/2025\/08\/logo-blanc-1.png","contentUrl":"https:\/\/hippiecoffee.es\/wp-content\/uploads\/2025\/08\/logo-blanc-1.png","width":607,"height":208,"caption":"Hippie Coffee"},"image":{"@id":"https:\/\/hippiecoffee.es\/#\/schema\/logo\/image\/"}}]}},"_links":{"self":[{"href":"https:\/\/hippiecoffee.es\/ca\/wp-json\/wp\/v2\/pages\/5222","targetHints":{"allow":["GET"]}}],"collection":[{"href":"https:\/\/hippiecoffee.es\/ca\/wp-json\/wp\/v2\/pages"}],"about":[{"href":"https:\/\/hippiecoffee.es\/ca\/wp-json\/wp\/v2\/types\/page"}],"author":[{"embeddable":true,"href":"https:\/\/hippiecoffee.es\/ca\/wp-json\/wp\/v2\/users\/1"}],"replies":[{"embeddable":true,"href":"https:\/\/hippiecoffee.es\/ca\/wp-json\/wp\/v2\/comments?post=5222"}],"version-history":[{"count":2,"href":"https:\/\/hippiecoffee.es\/ca\/wp-json\/wp\/v2\/pages\/5222\/revisions"}],"predecessor-version":[{"id":5224,"href":"https:\/\/hippiecoffee.es\/ca\/wp-json\/wp\/v2\/pages\/5222\/revisions\/5224"}],"wp:attachment":[{"href":"https:\/\/hippiecoffee.es\/ca\/wp-json\/wp\/v2\/media?parent=5222"}],"curies":[{"name":"wp","href":"https:\/\/api.w.org\/{rel}","templated":true}]}}